{"id":211,"date":"2023-02-08T12:05:30","date_gmt":"2023-02-08T12:05:30","guid":{"rendered":"http:\/\/bracketweb.com\/ogenixwp\/?page_id=211"},"modified":"2025-12-31T23:46:33","modified_gmt":"2025-12-31T23:46:33","slug":"contacto","status":"publish","type":"page","link":"https:\/\/asoberries.net\/index.php\/contacto\/","title":{"rendered":"CONTACTO"},"content":{"rendered":"\t\t<div data-elementor-type=\"wp-page\" data-elementor-id=\"211\" class=\"elementor elementor-211\" data-elementor-post-type=\"page\">\n\t\t\t\t\t\t<section class=\"elementor-section elementor-top-section elementor-element elementor-element-0b7863f google-map elementor-section-boxed elementor-section-height-default elementor-section-height-default\" data-id=\"0b7863f\" data-element_type=\"section\" data-e-type=\"section\">\n\t\t\t\t\t\t<div class=\"elementor-container elementor-column-gap-no\">\n\t\t\t\t\t<div class=\"elementor-column elementor-col-100 elementor-top-column elementor-element elementor-element-8b773fa\" data-id=\"8b773fa\" data-element_type=\"column\" data-e-type=\"column\">\n\t\t\t<div class=\"elementor-widget-wrap elementor-element-populated\">\n\t\t\t\t\t\t<div class=\"elementor-element elementor-element-3a43ccb elementor-widget elementor-widget-ogenix-google-maps\" data-id=\"3a43ccb\" data-element_type=\"widget\" data-e-type=\"widget\" data-widget_type=\"ogenix-google-maps.default\">\n\t\t\t\t<div class=\"elementor-widget-container\">\n\t\t\t\t\t\r\n<div class=\"elementor-custom-embed\">\r\n\t<iframe src=\"https:\/\/maps.google.com\/maps?q=conjunto%20residencial%20Stanza%2C%20ch%C3%ADa&#038;t=m&#038;z=11&#038;output=embed&#038;iwloc=near\" title=\"conjunto residencial Stanza, ch\u00eda\" class=\"google-map__one\" aria-label=\"conjunto residencial Stanza, ch\u00eda\"><\/iframe>\r\n<\/div>\t\t\t\t<\/div>\n\t\t\t\t<\/div>\n\t\t\t\t\t<\/div>\n\t\t<\/div>\n\t\t\t\t\t<\/div>\n\t\t<\/section>\n\t\t\t\t<section class=\"elementor-section elementor-top-section elementor-element elementor-element-578ba9d elementor-section-full_width elementor-section-height-default elementor-section-height-default\" data-id=\"578ba9d\" data-element_type=\"section\" data-e-type=\"section\">\n\t\t\t\t\t\t<div class=\"elementor-container elementor-column-gap-no\">\n\t\t\t\t\t<div class=\"elementor-column elementor-col-100 elementor-top-column elementor-element elementor-element-d54d069\" data-id=\"d54d069\" data-element_type=\"column\" data-e-type=\"column\">\n\t\t\t<div class=\"elementor-widget-wrap elementor-element-populated\">\n\t\t\t\t\t\t<div class=\"elementor-element elementor-element-40828b9 elementor-widget elementor-widget-ogenix-contact-info\" data-id=\"40828b9\" data-element_type=\"widget\" data-e-type=\"widget\" data-widget_type=\"ogenix-contact-info.default\">\n\t\t\t\t<div class=\"elementor-widget-container\">\n\t\t\t\t\t\r\n    <!--Contact Details Start-->\r\n    <section class=\"contact-details\">\r\n        <div class=\"container\">\r\n            <div class=\"contact-details__inner\">\r\n                <ul class=\"contact-details__contact-list list-unstyled ml-0\">\r\n                                            <li>\r\n                            <div class=\"icon\">\r\n                                <span aria-hidden=\"true\" class=\"  icon-help\"><\/span>                            <\/div>\r\n                            <div class=\"content\">\r\n                                <p class=\"\">Llamanos?<\/p>                                <h4>\r\n                                    <a href=\"t\">(+57) 321 423 03 57 <\/a>                                <\/h4>\r\n                            <\/div>\r\n                        <\/li>\r\n                                            <li>\r\n                            <div class=\"icon\">\r\n                                <span aria-hidden=\"true\" class=\"   icon-mailbox\"><\/span>                            <\/div>\r\n                            <div class=\"content\">\r\n                                <p class=\" \">Escr\u00edbenos<\/p>                                <h4>\r\n                                    <a href=\"mailto:contact@asoberries.net\">contact@asoberries.net<\/a>                                <\/h4>\r\n                            <\/div>\r\n                        <\/li>\r\n                                            <li>\r\n                            <div class=\"icon\">\r\n                                <span aria-hidden=\"true\" class=\"   icon-maps-and-flags\"><\/span>                            <\/div>\r\n                            <div class=\"content\">\r\n                                <p class=\"  \">Visitanos<\/p>                                <h4>\r\n                                    Carrera 15 #11 17 int 21, <br>  Ch\u00eda , Cundinamarca, <br> Colombia                                <\/h4>\r\n                            <\/div>\r\n                        <\/li>\r\n                                    <\/ul>\r\n                <div class=\"contact-details__social-box\">\r\n                                            <a href=\"http:\/\/www.facebook.com\/asoberries\"> <svg aria-hidden=\"true\" class=\"  e-font-icon-svg e-fab-facebook\" viewBox=\"0 0 512 512\" xmlns=\"http:\/\/www.w3.org\/2000\/svg\"><path d=\"M504 256C504 119 393 8 256 8S8 119 8 256c0 123.78 90.69 226.38 209.25 245V327.69h-63V256h63v-54.64c0-62.15 37-96.48 93.67-96.48 27.14 0 55.52 4.84 55.52 4.84v61h-31.28c-30.8 0-40.41 19.12-40.41 38.73V256h68.78l-11 71.69h-57.78V501C413.31 482.38 504 379.78 504 256z\"><\/path><\/svg><\/a>\r\n                                            <a href=\"https:\/\/www.instagram.com\/asoberries\/\"> <svg aria-hidden=\"true\" class=\"  e-font-icon-svg e-fab-instagram\" viewBox=\"0 0 448 512\" xmlns=\"http:\/\/www.w3.org\/2000\/svg\"><path d=\"M224.1 141c-63.6 0-114.9 51.3-114.9 114.9s51.3 114.9 114.9 114.9S339 319.5 339 255.9 287.7 141 224.1 141zm0 189.6c-41.1 0-74.7-33.5-74.7-74.7s33.5-74.7 74.7-74.7 74.7 33.5 74.7 74.7-33.6 74.7-74.7 74.7zm146.4-194.3c0 14.9-12 26.8-26.8 26.8-14.9 0-26.8-12-26.8-26.8s12-26.8 26.8-26.8 26.8 12 26.8 26.8zm76.1 27.2c-1.7-35.9-9.9-67.7-36.2-93.9-26.2-26.2-58-34.4-93.9-36.2-37-2.1-147.9-2.1-184.9 0-35.8 1.7-67.6 9.9-93.9 36.1s-34.4 58-36.2 93.9c-2.1 37-2.1 147.9 0 184.9 1.7 35.9 9.9 67.7 36.2 93.9s58 34.4 93.9 36.2c37 2.1 147.9 2.1 184.9 0 35.9-1.7 67.7-9.9 93.9-36.2 26.2-26.2 34.4-58 36.2-93.9 2.1-37 2.1-147.8 0-184.8zM398.8 388c-7.8 19.6-22.9 34.7-42.6 42.6-29.5 11.7-99.5 9-132.1 9s-102.7 2.6-132.1-9c-19.6-7.8-34.7-22.9-42.6-42.6-11.7-29.5-9-99.5-9-132.1s-2.6-102.7 9-132.1c7.8-19.6 22.9-34.7 42.6-42.6 29.5-11.7 99.5-9 132.1-9s102.7-2.6 132.1 9c19.6 7.8 34.7 22.9 42.6 42.6 11.7 29.5 9 99.5 9 132.1s2.7 102.7-9 132.1z\"><\/path><\/svg><\/a>\r\n                                            <a href=\"https:\/\/co.linkedin.com\/company\/asoberries\"> <svg aria-hidden=\"true\" class=\"  e-font-icon-svg e-fab-linkedin\" viewBox=\"0 0 448 512\" xmlns=\"http:\/\/www.w3.org\/2000\/svg\"><path d=\"M416 32H31.9C14.3 32 0 46.5 0 64.3v383.4C0 465.5 14.3 480 31.9 480H416c17.6 0 32-14.5 32-32.3V64.3c0-17.8-14.4-32.3-32-32.3zM135.4 416H69V202.2h66.5V416zm-33.2-243c-21.3 0-38.5-17.3-38.5-38.5S80.9 96 102.2 96c21.2 0 38.5 17.3 38.5 38.5 0 21.3-17.2 38.5-38.5 38.5zm282.1 243h-66.4V312c0-24.8-.5-56.7-34.5-56.7-34.6 0-39.9 27-39.9 54.9V416h-66.4V202.2h63.7v29.2h.9c8.9-16.8 30.6-34.5 62.9-34.5 67.2 0 79.7 44.3 79.7 101.9V416z\"><\/path><\/svg><\/a>\r\n                                    <\/div>\r\n            <\/div>\r\n        <\/div>\r\n    <\/section>\r\n    <!--Contact Details End-->\r\n\t\t\t\t<\/div>\n\t\t\t\t<\/div>\n\t\t\t\t\t<\/div>\n\t\t<\/div>\n\t\t\t\t\t<\/div>\n\t\t<\/section>\n\t\t\t\t<section class=\"elementor-section elementor-top-section elementor-element elementor-element-57dfe38 elementor-section-full_width elementor-section-height-default elementor-section-height-default\" data-id=\"57dfe38\" data-element_type=\"section\" data-e-type=\"section\">\n\t\t\t\t\t\t<div class=\"elementor-container elementor-column-gap-no\">\n\t\t\t\t\t<div class=\"elementor-column elementor-col-100 elementor-top-column elementor-element elementor-element-bfe7819\" data-id=\"bfe7819\" data-element_type=\"column\" data-e-type=\"column\">\n\t\t\t<div class=\"elementor-widget-wrap elementor-element-populated\">\n\t\t\t\t\t\t<div class=\"elementor-element elementor-element-01a188d elementor-widget elementor-widget-ogenix-contact-form\" data-id=\"01a188d\" data-element_type=\"widget\" data-e-type=\"widget\" data-widget_type=\"ogenix-contact-form.default\">\n\t\t\t\t<div class=\"elementor-widget-container\">\n\t\t\t\t\t\r\n\t<!--Contact Page Start-->\r\n\t<section class=\"contact-page\">\r\n\t\t<div class=\"container\">\r\n\t\t\t<div class=\"row\">\r\n\t\t\t\t<div class=\"col-xl-12\">\r\n\t\t\t\t\t<div class=\"section-title text-center\">\r\n\t\t\t\t\t\t<h1 class=\"section-title__tagline\">Tienes alguna pregunta?<\/h1><p class=\"section-title__title\"> Cont\u00e1ctanos <br> Estamos para <br> ayudarte<\/p>\t\t\t\t\t<\/div>\r\n\t\t\t\t\t<div class=\"contact-page__content\">\r\n\t\t\t\t\t\t<div class=\"wpcf7 no-js\" id=\"wpcf7-f234-o1\" lang=\"en-US\" dir=\"ltr\" data-wpcf7-id=\"234\">\n<div class=\"screen-reader-response\"><p role=\"status\" aria-live=\"polite\" aria-atomic=\"true\"><\/p> <ul><\/ul><\/div>\n<form action=\"\/index.php\/wp-json\/wp\/v2\/pages\/211#wpcf7-f234-o1\" method=\"post\" class=\"wpcf7-form init\" aria-label=\"Contact form\" novalidate=\"novalidate\" data-status=\"init\">\n<fieldset class=\"hidden-fields-container\"><input type=\"hidden\" name=\"_wpcf7\" value=\"234\" \/><input type=\"hidden\" name=\"_wpcf7_version\" value=\"6.1.5\" \/><input type=\"hidden\" name=\"_wpcf7_locale\" value=\"en_US\" \/><input type=\"hidden\" name=\"_wpcf7_unit_tag\" value=\"wpcf7-f234-o1\" \/><input type=\"hidden\" name=\"_wpcf7_container_post\" value=\"0\" \/><input type=\"hidden\" name=\"_wpcf7_posted_data_hash\" value=\"\" \/>\n<\/fieldset>\n<div class=\"row\">\n    <div class=\"col-xl-6\">\n       <div class=\"contact-page__form-input-box\">\n            <span class=\"wpcf7-form-control-wrap\" data-name=\"text-318\"><input size=\"40\" maxlength=\"400\" class=\"wpcf7-form-control wpcf7-text wpcf7-validates-as-required\" aria-required=\"true\" aria-invalid=\"false\" placeholder=\"Your name\" value=\"\" type=\"text\" name=\"text-318\" \/><\/span>\n       <\/div>\n   <\/div>\n   <div class=\"col-xl-6\">\n       <div class=\"contact-page__form-input-box\">\n            <span class=\"wpcf7-form-control-wrap\" data-name=\"email-449\"><input size=\"40\" maxlength=\"400\" class=\"wpcf7-form-control wpcf7-email wpcf7-validates-as-required wpcf7-text wpcf7-validates-as-email\" aria-required=\"true\" aria-invalid=\"false\" placeholder=\"Email address\" value=\"\" type=\"email\" name=\"email-449\" \/><\/span>\n       <\/div>\n   <\/div>\n   <div class=\"col-xl-6\">\n       <div class=\"contact-page__form-input-box\">\n            <span class=\"wpcf7-form-control-wrap\" data-name=\"text-272\"><input size=\"40\" maxlength=\"400\" class=\"wpcf7-form-control wpcf7-text wpcf7-validates-as-required\" aria-required=\"true\" aria-invalid=\"false\" placeholder=\"Subject\" value=\"\" type=\"text\" name=\"text-272\" \/><\/span>\n       <\/div>\n   <\/div>\n   <div class=\"col-xl-6\">\n       <div class=\"contact-page__form-input-box\">\n            <span class=\"wpcf7-form-control-wrap\" data-name=\"text-430\"><input size=\"40\" maxlength=\"400\" class=\"wpcf7-form-control wpcf7-text wpcf7-validates-as-required\" aria-required=\"true\" aria-invalid=\"false\" placeholder=\"Phone\" value=\"\" type=\"text\" name=\"text-430\" \/><\/span>\n       <\/div>\n   <\/div>\n<\/div>\n<div class=\"col-xl-12\">\n   <div class=\"contact-page__form-input-box text-message-box\">\n            <span class=\"wpcf7-form-control-wrap\" data-name=\"textarea-254\"><textarea cols=\"40\" rows=\"10\" maxlength=\"2000\" class=\"wpcf7-form-control wpcf7-textarea wpcf7-validates-as-required\" aria-required=\"true\" aria-invalid=\"false\" placeholder=\"Write a massage\" name=\"textarea-254\"><\/textarea><\/span>\n   <\/div>\n   <div class=\"contact-page__btn-box\">\n       <button type=\"submit\" class=\"thm-btn contact-page__btn\">Send a message<\/button>\n   <\/div>\n<\/div><div class=\"wpcf7-response-output\" aria-hidden=\"true\"><\/div>\n<\/form>\n<\/div>\t\t\t\t\t<\/div>\r\n\t\t\t\t<\/div>\r\n\t\t\t<\/div>\r\n\t\t<\/div>\r\n\t<\/section>\r\n\t<!--Contact Page End-->\r\n\r\n\t\t\t\t<\/div>\n\t\t\t\t<\/div>\n\t\t\t\t\t<\/div>\n\t\t<\/div>\n\t\t\t\t\t<\/div>\n\t\t<\/section>\n\t\t\t\t<\/div>\n\t\t","protected":false},"excerpt":{"rendered":"<p>Llamanos? (+57) 321 423 03 57 Escr\u00edbenos contact@asoberries.net Visitanos Carrera 15 #11 17 int 21, Ch\u00eda , Cundinamarca, Colombia Tienes alguna pregunta? Cont\u00e1ctanos Estamos para ayudarte Send a message<\/p>\n","protected":false},"author":1,"featured_media":0,"parent":0,"menu_order":0,"comment_status":"closed","ping_status":"closed","template":"elementor_header_footer","meta":{"footnotes":""},"class_list":["post-211","page","type-page","status-publish","hentry"],"_links":{"self":[{"href":"https:\/\/asoberries.net\/index.php\/wp-json\/wp\/v2\/pages\/211","targetHints":{"allow":["GET"]}}],"collection":[{"href":"https:\/\/asoberries.net\/index.php\/wp-json\/wp\/v2\/pages"}],"about":[{"href":"https:\/\/asoberries.net\/index.php\/wp-json\/wp\/v2\/types\/page"}],"author":[{"embeddable":true,"href":"https:\/\/asoberries.net\/index.php\/wp-json\/wp\/v2\/users\/1"}],"replies":[{"embeddable":true,"href":"https:\/\/asoberries.net\/index.php\/wp-json\/wp\/v2\/comments?post=211"}],"version-history":[{"count":19,"href":"https:\/\/asoberries.net\/index.php\/wp-json\/wp\/v2\/pages\/211\/revisions"}],"predecessor-version":[{"id":2820,"href":"https:\/\/asoberries.net\/index.php\/wp-json\/wp\/v2\/pages\/211\/revisions\/2820"}],"wp:attachment":[{"href":"https:\/\/asoberries.net\/index.php\/wp-json\/wp\/v2\/media?parent=211"}],"curies":[{"name":"wp","href":"https:\/\/api.w.org\/{rel}","templated":true}]}}