{"id":239,"date":"2023-02-08T12:47:30","date_gmt":"2023-02-08T12:47:30","guid":{"rendered":"http:\/\/bracketweb.com\/ogenixwp\/?page_id=239"},"modified":"2025-09-25T02:34:08","modified_gmt":"2025-09-25T02:34:08","slug":"nuestros-productos","status":"publish","type":"page","link":"https:\/\/asoberries.net\/index.php\/nuestros-productos\/","title":{"rendered":"Nuestros Productos"},"content":{"rendered":"\t\t<div data-elementor-type=\"wp-page\" data-elementor-id=\"239\" class=\"elementor elementor-239\" data-elementor-post-type=\"page\">\n\t\t\t\t<div class=\"elementor-element elementor-element-d1b9e00 e-flex e-con-boxed e-con e-parent\" data-id=\"d1b9e00\" data-element_type=\"container\" data-e-type=\"container\">\n\t\t\t\t\t<div class=\"e-con-inner\">\n\t\t\t\t<div class=\"elementor-element elementor-element-9c79723 elementor-widget elementor-widget-ogenix-categories\" data-id=\"9c79723\" data-element_type=\"widget\" data-e-type=\"widget\" data-widget_type=\"ogenix-categories.default\">\n\t\t\t\t<div class=\"elementor-widget-container\">\n\t\t\t\t\t    <!--Categories One Start-->\r\n    <section class=\"categories-one\">\r\n        <div class=\"container\">\r\n            <div class=\"section-title text-center\">\r\n                <span class=\"section-title__tagline\">Nuestros productos<\/span>                <h2 class=\"section-title__title\">Lo mejor del ar\u00e1ndano colombiano <br> en todas sus presentaciones<\/h2>            <\/div>\r\n                            <div class=\"row\">\r\n                                            <!--Categories One Single Start-->\r\n                        <div class=\"col-xl-3 col-lg-6 col-md-6 wow fadeInUp\" data-wow-delay=\"100ms\">\r\n                            <div class=\"categories-one__single categories-one__single-1\">\r\n                                                                    <div class=\"categories-one__img-box\">\r\n                                        <div class=\"categories-one__img\">\r\n                                            <img decoding=\"async\" src=\"https:\/\/asoberries.net\/wp-content\/uploads\/2025\/09\/Arandano-fresco.png\" alt=\"Arandano fresco\" title=\"Arandano fresco\" >                                        <\/div>\r\n                                    <\/div>\r\n                                                                <div class=\"categories-one__content\">\r\n                                                                            <div class=\"categories-one__content-shape-1\" style=\"background-image: url(http:\/\/bracketweb.com\/ogenixwp\/wp-content\/uploads\/2023\/02\/categories-one-content-shape-1-dark.png);\">\r\n                                        <\/div>\r\n                                    \r\n                                    <h3 class=\"categories-one__title\">\r\n                                        <a class=\"\" href=\"\"  > Ar\u00e1ndanos frescos<\/a>                                    <\/h3>\r\n\r\n                                    <p class=\"categories-one__text\">Recolectados directamente del campo colombiano, llenos de sabor, frescura y antioxidantes. Perfectos para consumo diario o distribuci\u00f3n<\/p>\r\n                                <\/div>\r\n                                                            <\/div>\r\n                        <\/div>\r\n                        <!--Categories One Single End-->\r\n                                            <!--Categories One Single Start-->\r\n                        <div class=\"col-xl-3 col-lg-6 col-md-6 wow fadeInUp\" data-wow-delay=\"200ms\">\r\n                            <div class=\"categories-one__single categories-one__single-2\">\r\n                                                                    <div class=\"categories-one__img-box\">\r\n                                        <div class=\"categories-one__img\">\r\n                                            <img decoding=\"async\" src=\"https:\/\/asoberries.net\/wp-content\/uploads\/2025\/09\/arando-2.png\" alt=\"arando 2\" title=\"arando 2\" >                                        <\/div>\r\n                                    <\/div>\r\n                                                                <div class=\"categories-one__content\">\r\n                                                                            <div class=\"categories-one__content-shape-1\" style=\"background-image: url(http:\/\/bracketweb.com\/ogenixwp\/wp-content\/uploads\/2023\/02\/categories-one-content-shape-2-dark.png);\">\r\n                                        <\/div>\r\n                                    \r\n                                    <h3 class=\"categories-one__title\">\r\n                                        <a class=\" \" href=\"\"  >Ar\u00e1ndanos congelados<\/a>                                    <\/h3>\r\n\r\n                                    <p class=\"categories-one__text categories-one__text\">Conservamos toda la calidad y los nutrientes mediante congelaci\u00f3n, ideales para jugos, reposter\u00eda y uso industrial.<\/p>\r\n                                <\/div>\r\n                                                            <\/div>\r\n                        <\/div>\r\n                        <!--Categories One Single End-->\r\n                                            <!--Categories One Single Start-->\r\n                        <div class=\"col-xl-3 col-lg-6 col-md-6 wow fadeInUp\" data-wow-delay=\"300ms\">\r\n                            <div class=\"categories-one__single categories-one__single-3\">\r\n                                                                    <div class=\"categories-one__img-box\">\r\n                                        <div class=\"categories-one__img\">\r\n                                            <img decoding=\"async\" src=\"https:\/\/asoberries.net\/wp-content\/uploads\/2025\/09\/arandano-des.png\" alt=\"arandano des\" title=\"arandano des\" >                                        <\/div>\r\n                                    <\/div>\r\n                                                                <div class=\"categories-one__content\">\r\n                                                                            <div class=\"categories-one__content-shape-1\" style=\"background-image: url(http:\/\/bracketweb.com\/ogenixwp\/wp-content\/uploads\/2023\/02\/categories-one-content-shape-3-dark.png);\">\r\n                                        <\/div>\r\n                                    \r\n                                    <h3 class=\"categories-one__title\">\r\n                                        <a class=\"  \" href=\"\"  >Ar\u00e1ndanos deshidratados<\/a>                                    <\/h3>\r\n\r\n                                    <p class=\"categories-one__text categories-one__text categories-one__text\">Un snack saludable y natural, con el dulzor propio del fruto y una larga vida \u00fatil. Pr\u00e1cticos y deliciosos<\/p>\r\n                                <\/div>\r\n                                                            <\/div>\r\n                        <\/div>\r\n                        <!--Categories One Single End-->\r\n                                            <!--Categories One Single Start-->\r\n                        <div class=\"col-xl-3 col-lg-6 col-md-6 wow fadeInUp\" data-wow-delay=\"400ms\">\r\n                            <div class=\"categories-one__single categories-one__single-4\">\r\n                                                                    <div class=\"categories-one__img-box\">\r\n                                        <div class=\"categories-one__img\">\r\n                                            <img decoding=\"async\" src=\"https:\/\/asoberries.net\/wp-content\/uploads\/2025\/09\/arando-choc.png\" alt=\"arando choc\" title=\"arando choc\" >                                        <\/div>\r\n                                    <\/div>\r\n                                                                <div class=\"categories-one__content\">\r\n                                                                            <div class=\"categories-one__content-shape-1\" style=\"background-image: url(http:\/\/bracketweb.com\/ogenixwp\/wp-content\/uploads\/2023\/02\/categories-one-content-shape-4-dark.png);\">\r\n                                        <\/div>\r\n                                    \r\n                                    <h3 class=\"categories-one__title\">\r\n                                        <a class=\"   \" href=\"\"  >Barras de chocolate con ar\u00e1ndanos<\/a>                                    <\/h3>\r\n\r\n                                    <p class=\"categories-one__text categories-one__text categories-one__text categories-one__text\">La combinaci\u00f3n perfecta entre el sabor intenso del cacao colombiano y la frescura de nuestros ar\u00e1ndanos.<\/p>\r\n                                <\/div>\r\n                                                            <\/div>\r\n                        <\/div>\r\n                        <!--Categories One Single End-->\r\n                                    <\/div>\r\n                    <\/div>\r\n    <\/section>\r\n    <!--Categories One End-->\r\n\r\n\r\n\t\t\t\t<\/div>\n\t\t\t\t<\/div>\n\t\t\t\t\t<\/div>\n\t\t\t\t<\/div>\n\t\t<div class=\"elementor-element elementor-element-217e7e1 e-flex e-con-boxed e-con e-parent\" data-id=\"217e7e1\" data-element_type=\"container\" data-e-type=\"container\">\n\t\t\t\t\t<div class=\"e-con-inner\">\n\t\t\t\t<div class=\"elementor-element elementor-element-d59f068 elementor-widget elementor-widget-ogenix-faq\" data-id=\"d59f068\" data-element_type=\"widget\" data-e-type=\"widget\" data-widget_type=\"ogenix-faq.default\">\n\t\t\t\t<div class=\"elementor-widget-container\">\n\t\t\t\t\t    <!--FAQ Style Two Start -->\r\n    <div class=\"accrodion-grp\" data-grp-name=\"faq-one-accrodion\">\r\n                    <div class=\"accrodion active\">\r\n                <div class=\"accrodion-title\">\r\n                    <h4 class=\"\">\u00bfDe d\u00f3nde provienen los ar\u00e1ndanos de Asoberries?<\/h4>                <\/div>\r\n                <div class=\"accrodion-content\">\r\n                    <div class=\"inner\">\r\n                        <p class=\"\">Nuestros ar\u00e1ndanos son cultivados en fincas de peque\u00f1os y medianos agricultores en Cundinamarca, bajo pr\u00e1cticas sostenibles y certificados de calidad que garantizan frescura y sabor.<\/p>                    <\/div><!-- \/.inner -->\r\n                <\/div>\r\n            <\/div>\r\n                    <div class=\"accrodion \">\r\n                <div class=\"accrodion-title\">\r\n                    <h4 class=\" \">\u00bfCu\u00e1l es la diferencia entre ar\u00e1ndanos frescos, congelados y deshidratados?<\/h4>                <\/div>\r\n                <div class=\"accrodion-content\">\r\n                    <div class=\"inner\">\r\n                        <p class=\" \">Frescos: reci\u00e9n cosechados, ideales para consumo directo o ensaladas.\n\nCongelados: mantienen sus propiedades nutricionales por m\u00e1s tiempo, perfectos para smoothies, postres y recetas.\n\nDeshidratados: una opci\u00f3n pr\u00e1ctica y natural como snack saludable o ingrediente para reposter\u00eda.<\/p>                    <\/div><!-- \/.inner -->\r\n                <\/div>\r\n            <\/div>\r\n                    <div class=\"accrodion \">\r\n                <div class=\"accrodion-title\">\r\n                    <h4 class=\"  \">\u00bfC\u00f3mo se conservan los ar\u00e1ndanos frescos?<\/h4>                <\/div>\r\n                <div class=\"accrodion-content\">\r\n                    <div class=\"inner\">\r\n                        <p class=\"  \">Se recomienda refrigerarlos entre 0 \u00b0C y 4 \u00b0C, en su empaque original o en un recipiente ventilado. De esta manera se mantienen en \u00f3ptimas condiciones entre 7 y 10 d\u00edas.<\/p>                    <\/div><!-- \/.inner -->\r\n                <\/div>\r\n            <\/div>\r\n                    <div class=\"accrodion \">\r\n                <div class=\"accrodion-title\">\r\n                    <h4 class=\"   \">\u00bfLos ar\u00e1ndanos congelados pierden nutrientes?<\/h4>                <\/div>\r\n                <div class=\"accrodion-content\">\r\n                    <div class=\"inner\">\r\n                        <p class=\"   \">No. El proceso de congelaci\u00f3n r\u00e1pida preserva las vitaminas, antioxidantes y minerales de la fruta, asegurando la misma calidad nutricional que el producto fresco.<\/p>                    <\/div><!-- \/.inner -->\r\n                <\/div>\r\n            <\/div>\r\n            <\/div>\r\n    <!--FAQ Style Two End -->\r\n\r\n\t\t\t\t<\/div>\n\t\t\t\t<\/div>\n\t\t\t\t\t<\/div>\n\t\t\t\t<\/div>\n\t\t\t\t<\/div>\n\t\t","protected":false},"excerpt":{"rendered":"<p>Nuestros productos Lo mejor del ar\u00e1ndano colombiano en todas sus presentaciones Ar\u00e1ndanos frescos Recolectados directamente del campo colombiano, llenos de sabor, frescura y antioxidantes. Perfectos para consumo diario o distribuci\u00f3n Ar\u00e1ndanos congelados Conservamos toda la calidad y los nutrientes mediante congelaci\u00f3n, ideales para jugos, reposter\u00eda y uso industrial. Ar\u00e1ndanos deshidratados Un snack saludable y natural, [&hellip;]<\/p>\n","protected":false},"author":1,"featured_media":0,"parent":0,"menu_order":0,"comment_status":"closed","ping_status":"closed","template":"elementor_header_footer","meta":{"footnotes":""},"class_list":["post-239","page","type-page","status-publish","hentry"],"_links":{"self":[{"href":"https:\/\/asoberries.net\/index.php\/wp-json\/wp\/v2\/pages\/239","targetHints":{"allow":["GET"]}}],"collection":[{"href":"https:\/\/asoberries.net\/index.php\/wp-json\/wp\/v2\/pages"}],"about":[{"href":"https:\/\/asoberries.net\/index.php\/wp-json\/wp\/v2\/types\/page"}],"author":[{"embeddable":true,"href":"https:\/\/asoberries.net\/index.php\/wp-json\/wp\/v2\/users\/1"}],"replies":[{"embeddable":true,"href":"https:\/\/asoberries.net\/index.php\/wp-json\/wp\/v2\/comments?post=239"}],"version-history":[{"count":8,"href":"https:\/\/asoberries.net\/index.php\/wp-json\/wp\/v2\/pages\/239\/revisions"}],"predecessor-version":[{"id":2715,"href":"https:\/\/asoberries.net\/index.php\/wp-json\/wp\/v2\/pages\/239\/revisions\/2715"}],"wp:attachment":[{"href":"https:\/\/asoberries.net\/index.php\/wp-json\/wp\/v2\/media?parent=239"}],"curies":[{"name":"wp","href":"https:\/\/api.w.org\/{rel}","templated":true}]}}