{"id":577,"date":"2023-02-09T08:03:34","date_gmt":"2023-02-09T08:03:34","guid":{"rendered":"http:\/\/bracketweb.com\/ogenixwp\/?page_id=577"},"modified":"2026-01-01T00:54:25","modified_gmt":"2026-01-01T00:54:25","slug":"servicios-para-nuestros-asociados","status":"publish","type":"page","link":"https:\/\/asoberries.net\/index.php\/servicios-para-nuestros-asociados\/","title":{"rendered":"Servicios para nuestros asociados"},"content":{"rendered":"\t\t<div data-elementor-type=\"wp-page\" data-elementor-id=\"577\" class=\"elementor elementor-577\" data-elementor-post-type=\"page\">\n\t\t\t\t<div class=\"elementor-element elementor-element-19b91cd e-flex e-con-boxed e-con e-parent\" data-id=\"19b91cd\" data-element_type=\"container\" data-e-type=\"container\">\n\t\t\t\t\t<div class=\"e-con-inner\">\n\t\t\t\t<div class=\"elementor-element elementor-element-b3047d1 elementor-widget elementor-widget-heading\" data-id=\"b3047d1\" data-element_type=\"widget\" data-e-type=\"widget\" data-widget_type=\"heading.default\">\n\t\t\t\t\t<h2 class=\"elementor-heading-title elementor-size-default\">Bienvenidos a nuestra Asociaci\u00f3n<\/h2>\t\t\t\t<\/div>\n\t\t\t\t\t<\/div>\n\t\t\t\t<\/div>\n\t\t\t\t<section class=\"elementor-section elementor-top-section elementor-element elementor-element-fe74d9d elementor-section-full_width elementor-section-height-default elementor-section-height-default\" data-id=\"fe74d9d\" data-element_type=\"section\" data-e-type=\"section\">\n\t\t\t\t\t\t<div class=\"elementor-container elementor-column-gap-no\">\n\t\t\t\t\t<div class=\"elementor-column elementor-col-100 elementor-top-column elementor-element elementor-element-bfa80f6\" data-id=\"bfa80f6\" data-element_type=\"column\" data-e-type=\"column\">\n\t\t\t<div class=\"elementor-widget-wrap\">\n\t\t\t\t\t\t\t<\/div>\n\t\t<\/div>\n\t\t\t\t\t<\/div>\n\t\t<\/section>\n\t\t\t\t<section class=\"elementor-section elementor-top-section elementor-element elementor-element-1c9ff44f elementor-section-full_width elementor-section-height-default elementor-section-height-default\" data-id=\"1c9ff44f\" data-element_type=\"section\" data-e-type=\"section\">\n\t\t\t\t\t\t<div class=\"elementor-container elementor-column-gap-no\">\n\t\t\t\t\t<div class=\"elementor-column elementor-col-100 elementor-top-column elementor-element elementor-element-4f8c0cee\" data-id=\"4f8c0cee\" data-element_type=\"column\" data-e-type=\"column\">\n\t\t\t<div class=\"elementor-widget-wrap elementor-element-populated\">\n\t\t\t\t\t\t<div class=\"elementor-element elementor-element-4d9c814 elementor-widget elementor-widget-ogenix-choose\" data-id=\"4d9c814\" data-element_type=\"widget\" data-e-type=\"widget\" data-widget_type=\"ogenix-choose.default\">\n\t\t\t\t<div class=\"elementor-widget-container\">\n\t\t\t\t\t    <!--Why Choose One Start-->\r\n    <section class=\"why-choose-one\">\r\n                    <div class=\"why-choose-one__bg\" style=\"background-image: url(http:\/\/bracketweb.com\/ogenixwp\/wp-content\/uploads\/2023\/02\/why-choose-one-bg.jpg);\">\r\n            <\/div>\r\n                            <div class=\"why-choose-one__shape-1 float-bob-y\">\r\n                <img decoding=\"async\" src=\"https:\/\/asoberries.net\/wp-content\/uploads\/2023\/02\/why-choose-one-shape-1-1.png\" alt=\"why-choose-one-shape-1\" title=\"why-choose-one-shape-1\" >            <\/div>\r\n                            <div class=\"why-choose-one__shape-2 float-bob-x\">\r\n                <img decoding=\"async\" src=\"https:\/\/asoberries.net\/wp-content\/uploads\/2023\/02\/why-choose-one-shape-2-1.png\" alt=\"why-choose-one-shape-2\" title=\"why-choose-one-shape-2\" >            <\/div>\r\n                            <div class=\"why-choose-one__shape-3  wow fadeIn\" data-wow-duration=\"1500ms\" data-wow-delay=\"1500ms\">\r\n                <img decoding=\"async\" src=\"https:\/\/asoberries.net\/wp-content\/uploads\/2023\/02\/why-choose-one-shape-3-1.png\" alt=\"why-choose-one-shape-3\" title=\"why-choose-one-shape-3\" >            <\/div>\r\n                            <div class=\"why-choose-one__shape-4  wow fadeInRight\" data-wow-duration=\"1500ms\" data-wow-delay=\"1000ms\">\r\n                <img decoding=\"async\" src=\"https:\/\/asoberries.net\/wp-content\/uploads\/2023\/02\/why-choose-one-shape-4-1.png\" alt=\"why-choose-one-shape-4\" title=\"why-choose-one-shape-4\" >            <\/div>\r\n                            <div class=\"why-choose-one__img-1 wow fadeInUp\" data-wow-duration=\"1500ms\">\r\n                <img decoding=\"async\" src=\"https:\/\/asoberries.net\/wp-content\/uploads\/2025\/09\/Sin-titulo-1.png\" alt=\"Sin t\u00edtulo-1\" title=\"Sin t\u00edtulo-1\" >            <\/div>\r\n                            <div class=\"why-choose-one__img-2 wow fadeInDown\" data-wow-duration=\"1500ms\" data-wow-delay=\"500ms\">\r\n                <img decoding=\"async\" src=\"https:\/\/asoberries.net\/wp-content\/uploads\/2025\/09\/Sin-titulo-1-1.png\" alt=\"Sin t\u00edtulo-1\" title=\"Sin t\u00edtulo-1\" >            <\/div>\r\n                <div class=\"container\">\r\n            <div class=\"row\">\r\n                <div class=\"col-xl-6 col-lg-8\">\r\n                    <div class=\"why-choose-one__left\">\r\n                        <div class=\"section-title text-left\">\r\n                            <span class=\"section-title__tagline\">\u00bfPor qu\u00e9 elegir Assoberries?<\/span>                            <h2 class=\"section-title__title\">M\u00e1s que ar\u00e1ndanos, somos la uni\u00f3n de familias colombianas<br> que cultivan con pasi\u00f3n, sostenibilidad y calidad.<\/h2>                        <\/div>\r\n                                                    <div class=\"row\">\r\n                                                                    <div class=\"col-xl-6 col-lg-6 col-md-6\">\r\n                                        <div class=\"why-choose-one__single\">\r\n                                            <div class=\"why-choose-one__icon icon-svg-large\">\r\n                                                <span aria-hidden=\"true\" class=\"  icon-organic-food\"><\/span>                                            <\/div>\r\n\r\n                                            <h4 class=\"why-choose-one__title\">Ar\u00e1ndanos colombianos de origen<\/h4>\r\n                                            <p class=\"why-choose-one__text\">Cada fruto proviene de cultivos familiares certificados.<\/p>                                        <\/div>\r\n                                    <\/div>\r\n                                                                    <div class=\"col-xl-6 col-lg-6 col-md-6\">\r\n                                        <div class=\"why-choose-one__single\">\r\n                                            <div class=\"why-choose-one__icon icon-svg-large\">\r\n                                                <span aria-hidden=\"true\" class=\"   icon-apple\"><\/span>                                            <\/div>\r\n\r\n                                            <h4 class=\"why-choose-one__title why-choose-one__title\">Producci\u00f3n  <br> sostenible<\/h4>\r\n                                            <p class=\"why-choose-one__text why-choose-one__text\">Cultivamos respetando la tierra y aplicando pr\u00e1cticas responsables<\/p>                                        <\/div>\r\n                                    <\/div>\r\n                                                                    <div class=\"col-xl-6 col-lg-6 col-md-6\">\r\n                                        <div class=\"why-choose-one__single\">\r\n                                            <div class=\"why-choose-one__icon icon-svg-large\">\r\n                                                <span aria-hidden=\"true\" class=\"   icon-diet\"><\/span>                                            <\/div>\r\n\r\n                                            <h4 class=\"why-choose-one__title why-choose-one__title why-choose-one__title\">Frescura garantizada<\/h4>\r\n                                            <p class=\"why-choose-one__text why-choose-one__text why-choose-one__text\">Del campo a tu mesa<\/p>                                        <\/div>\r\n                                    <\/div>\r\n                                                                    <div class=\"col-xl-6 col-lg-6 col-md-6\">\r\n                                        <div class=\"why-choose-one__single\">\r\n                                            <div class=\"why-choose-one__icon icon-svg-large\">\r\n                                                <span aria-hidden=\"true\" class=\"   icon-salad\"><\/span>                                            <\/div>\r\n\r\n                                            <h4 class=\"why-choose-one__title why-choose-one__title why-choose-one__title why-choose-one__title\">Apoyo a familias<\/h4>\r\n                                            <p class=\"why-choose-one__text why-choose-one__text why-choose-one__text why-choose-one__text\">Respaldas el desarrollo de m\u00e1s de 30 familias campesinas<\/p>                                        <\/div>\r\n                                    <\/div>\r\n                                \r\n                            <\/div>\r\n                                            <\/div>\r\n                <\/div>\r\n                <div class=\"col-xl-6 col-lg-4\"><\/div>\r\n            <\/div>\r\n        <\/div>\r\n    <\/section>\r\n    <!--Why Choose One End-->\r\n\t\t\t\t<\/div>\n\t\t\t\t<\/div>\n\t\t\t\t<div class=\"elementor-element elementor-element-a4e2d74 elementor-widget elementor-widget-ogenix-service\" data-id=\"a4e2d74\" data-element_type=\"widget\" data-e-type=\"widget\" data-widget_type=\"ogenix-service.default\">\n\t\t\t\t<div class=\"elementor-widget-container\">\n\t\t\t\t\t\r\n\t<!--Services One Start-->\r\n\t<section class=\"services-one\">\r\n\t\t<div class=\"container\">\r\n\t\t\t<div class=\"row\">\r\n\t\t\t\t\t\t\t\t\t<!--Services One Single Start-->\r\n\t\t\t\t\t<div class=\"col-xl-4 col-lg-4 wow fadeInUp\" data-wow-delay=\"100ms\">\r\n\t\t\t\t\t\t<div class=\"services-one__single\">\r\n\t\t\t\t\t\t\t<div class=\"services-one__img-box\">\r\n\t\t\t\t\t\t\t\t<div class=\"services-one__img\">\r\n\t\t\t\t\t\t\t\t\t<img decoding=\"async\" src=\"https:\/\/asoberries.net\/wp-content\/uploads\/2025\/09\/Imagen-de-WhatsApp-2025-09-05-a-las-20.41.53_d03ab8e7-e1767225436372.jpg\" alt=\"Imagen de WhatsApp 2025-09-05 a las 20.41.53_d03ab8e7\" title=\"Imagen de WhatsApp 2025-09-05 a las 20.41.53_d03ab8e7\" >\t\t\t\t\t\t\t\t<\/div>\r\n\t\t\t\t\t\t\t\t<div class=\"services-one__icon icon-svg-large\">\r\n\t\t\t\t\t\t\t\t\t<span aria-hidden=\"true\" class=\"   icon-payment-security\"><\/span>\t\t\t\t\t\t\t\t<\/div>\r\n\t\t\t\t\t\t\t<\/div>\r\n\t\t\t\t\t\t\t<div class=\"services-one__content\">\r\n\t\t\t\t\t\t\t\t<h3 class=\"services-one__title\">\r\n\t\t\t\t\t\t\t\t\t<a class=\"\" href=\"http:\/\/bracketweb.com\/ogenixwp\/agriculture-services\/\"  >Apoyo T\u00e9cnico y Capacitaciones<\/a>\t\t\t\t\t\t\t\t<\/h3>\r\n\t\t\t\t\t\t\t\t<p class=\"services-one__text\">Apoyo t\u00e9cnico mediante  capacitaci\u00f3n mensules en buenas pr\u00e1cticas agr\u00edcolas, certificaciones, sostenibilidad, apicultura, comercializaci\u00f3n, Internacionalizaci\u00f3n y gesti\u00f3n administrativa<\/p>\t\t\t\t\t\t\t\t\t\t\t\t\t\t\t\t\t<div class=\"services-one__btn-box\">\r\n\t\t\t\t\t\t\t\t\t\t<a class=\"services-one__btn thm-btn\" href=\"http:\/\/bracketweb.com\/ogenixwp\/agriculture-services\/\"  >Conoce m\u00e1s<\/a>\t\t\t\t\t\t\t\t\t<\/div>\r\n\t\t\t\t\t\t\t\t\t\t\t\t\t\t\t<\/div>\r\n\t\t\t\t\t\t<\/div>\r\n\t\t\t\t\t<\/div>\r\n\t\t\t\t\t<!--Services One Single End-->\r\n\t\t\t\t\t\t\t\t\t<!--Services One Single Start-->\r\n\t\t\t\t\t<div class=\"col-xl-4 col-lg-4 wow fadeInUp\" data-wow-delay=\"200ms\">\r\n\t\t\t\t\t\t<div class=\"services-one__single\">\r\n\t\t\t\t\t\t\t<div class=\"services-one__img-box\">\r\n\t\t\t\t\t\t\t\t<div class=\"services-one__img\">\r\n\t\t\t\t\t\t\t\t\t<img decoding=\"async\" src=\"https:\/\/asoberries.net\/wp-content\/uploads\/2026\/01\/Libros.png\" alt=\"Libros\" title=\"Libros\" >\t\t\t\t\t\t\t\t<\/div>\r\n\t\t\t\t\t\t\t\t<div class=\"services-one__icon icon-svg-large\">\r\n\t\t\t\t\t\t\t\t\t<span aria-hidden=\"true\" class=\"   icon-payment-security\"><\/span>\t\t\t\t\t\t\t\t<\/div>\r\n\t\t\t\t\t\t\t<\/div>\r\n\t\t\t\t\t\t\t<div class=\"services-one__content\">\r\n\t\t\t\t\t\t\t\t<h3 class=\"services-one__title\">\r\n\t\t\t\t\t\t\t\t\t<a class=\" \" href=\"http:\/\/bracketweb.com\/ogenixwp\/agriculture-services\/\"  >Biblioteca Asoberries<\/a>\t\t\t\t\t\t\t\t<\/h3>\r\n\t\t\t\t\t\t\t\t<p class=\"services-one__text services-one__text\">Consulta toda la documentaci\u00f3n t\u00e9cnica y administrativa de nuestra Asociaci\u00f3n.<\/p>\t\t\t\t\t\t\t\t\t\t\t\t\t\t\t\t\t<div class=\"services-one__btn-box\">\r\n\t\t\t\t\t\t\t\t\t\t<a class=\"services-one__btn thm-btn services-one__btn thm-btn\" href=\"http:\/\/bracketweb.com\/ogenixwp\/agriculture-services\/\"  >Conoce m\u00e1s<\/a>\t\t\t\t\t\t\t\t\t<\/div>\r\n\t\t\t\t\t\t\t\t\t\t\t\t\t\t\t<\/div>\r\n\t\t\t\t\t\t<\/div>\r\n\t\t\t\t\t<\/div>\r\n\t\t\t\t\t<!--Services One Single End-->\r\n\t\t\t\t\t\t\t\t\t<!--Services One Single Start-->\r\n\t\t\t\t\t<div class=\"col-xl-4 col-lg-4 wow fadeInUp\" data-wow-delay=\"300ms\">\r\n\t\t\t\t\t\t<div class=\"services-one__single\">\r\n\t\t\t\t\t\t\t<div class=\"services-one__img-box\">\r\n\t\t\t\t\t\t\t\t<div class=\"services-one__img\">\r\n\t\t\t\t\t\t\t\t\t<img decoding=\"async\" src=\"https:\/\/asoberries.net\/wp-content\/uploads\/2023\/02\/testimonial-1-2-1-1-e1767226590402.jpg\" alt=\"testimonial-1-2\" title=\"testimonial-1-2\" >\t\t\t\t\t\t\t\t<\/div>\r\n\t\t\t\t\t\t\t\t<div class=\"services-one__icon icon-svg-large\">\r\n\t\t\t\t\t\t\t\t\t<span aria-hidden=\"true\" class=\"   icon-food-service\"><\/span>\t\t\t\t\t\t\t\t<\/div>\r\n\t\t\t\t\t\t\t<\/div>\r\n\t\t\t\t\t\t\t<div class=\"services-one__content\">\r\n\t\t\t\t\t\t\t\t<h3 class=\"services-one__title\">\r\n\t\t\t\t\t\t\t\t\t<a class=\"  \" href=\"http:\/\/bracketweb.com\/ogenixwp\/delivery-services\/\"  >Gesti\u00f3n de proyectos para beneficios de nuestros asociados<\/a>\t\t\t\t\t\t\t\t<\/h3>\r\n\t\t\t\t\t\t\t\t<p class=\"services-one__text services-one__text services-one__text\">Hacemos la gesti\u00f3n con entidades gubernamentales y ONG\u00b4s nacionales e internacionacionales para brindar beneficios a nuestros asociados<\/p>\t\t\t\t\t\t\t\t\t\t\t\t\t\t\t\t\t<div class=\"services-one__btn-box\">\r\n\t\t\t\t\t\t\t\t\t\t<a class=\"services-one__btn thm-btn services-one__btn thm-btn services-one__btn thm-btn\" href=\"http:\/\/bracketweb.com\/ogenixwp\/delivery-services\/\"  >Conoce m\u00e1s<\/a>\t\t\t\t\t\t\t\t\t<\/div>\r\n\t\t\t\t\t\t\t\t\t\t\t\t\t\t\t<\/div>\r\n\t\t\t\t\t\t<\/div>\r\n\t\t\t\t\t<\/div>\r\n\t\t\t\t\t<!--Services One Single End-->\r\n\t\t\t\t\t\t\t\t\t<!--Services One Single Start-->\r\n\t\t\t\t\t<div class=\"col-xl-4 col-lg-4 wow fadeInUp\" data-wow-delay=\"400ms\">\r\n\t\t\t\t\t\t<div class=\"services-one__single\">\r\n\t\t\t\t\t\t\t<div class=\"services-one__img-box\">\r\n\t\t\t\t\t\t\t\t<div class=\"services-one__img\">\r\n\t\t\t\t\t\t\t\t\t<img decoding=\"async\" src=\"https:\/\/asoberries.net\/wp-content\/uploads\/2023\/02\/services-1-1-1.jpg\" alt=\"services-1-1\" title=\"services-1-1\" >\t\t\t\t\t\t\t\t<\/div>\r\n\t\t\t\t\t\t\t\t<div class=\"services-one__icon icon-svg-large\">\r\n\t\t\t\t\t\t\t\t\t<span aria-hidden=\"true\" class=\"   icon-food-service\"><\/span>\t\t\t\t\t\t\t\t<\/div>\r\n\t\t\t\t\t\t\t<\/div>\r\n\t\t\t\t\t\t\t<div class=\"services-one__content\">\r\n\t\t\t\t\t\t\t\t<h3 class=\"services-one__title\">\r\n\t\t\t\t\t\t\t\t\t<a class=\"   \" href=\"http:\/\/bracketweb.com\/ogenixwp\/delivery-services\/\"  >Comercializaci\u00f3n y distribuci\u00f3n<\/a>\t\t\t\t\t\t\t\t<\/h3>\r\n\t\t\t\t\t\t\t\t<p class=\"services-one__text services-one__text services-one__text services-one__text\">Conectamos a nuestros agricultores con mercados nacionales e internacionales para llevar nuestros productos al mundo.<\/p>\t\t\t\t\t\t\t\t\t\t\t\t\t\t\t\t\t<div class=\"services-one__btn-box\">\r\n\t\t\t\t\t\t\t\t\t\t<a class=\"services-one__btn thm-btn services-one__btn thm-btn services-one__btn thm-btn services-one__btn thm-btn\" href=\"http:\/\/bracketweb.com\/ogenixwp\/delivery-services\/\"  >Conoce m\u00e1s<\/a>\t\t\t\t\t\t\t\t\t<\/div>\r\n\t\t\t\t\t\t\t\t\t\t\t\t\t\t\t<\/div>\r\n\t\t\t\t\t\t<\/div>\r\n\t\t\t\t\t<\/div>\r\n\t\t\t\t\t<!--Services One Single End-->\r\n\t\t\t\t\t\t\t\t\t<!--Services One Single Start-->\r\n\t\t\t\t\t<div class=\"col-xl-4 col-lg-4 wow fadeInUp\" data-wow-delay=\"500ms\">\r\n\t\t\t\t\t\t<div class=\"services-one__single\">\r\n\t\t\t\t\t\t\t<div class=\"services-one__img-box\">\r\n\t\t\t\t\t\t\t\t<div class=\"services-one__img\">\r\n\t\t\t\t\t\t\t\t\t<img decoding=\"async\" src=\"https:\/\/asoberries.net\/wp-content\/uploads\/2026\/01\/laptop-3196481_640-e1767228150379.jpg\" alt=\"laptop-3196481_640\" title=\"laptop-3196481_640\" >\t\t\t\t\t\t\t\t<\/div>\r\n\t\t\t\t\t\t\t\t<div class=\"services-one__icon icon-svg-large\">\r\n\t\t\t\t\t\t\t\t\t<span aria-hidden=\"true\" class=\"  icon-farm\"><\/span>\t\t\t\t\t\t\t\t<\/div>\r\n\t\t\t\t\t\t\t<\/div>\r\n\t\t\t\t\t\t\t<div class=\"services-one__content\">\r\n\t\t\t\t\t\t\t\t<h3 class=\"services-one__title\">\r\n\t\t\t\t\t\t\t\t\t<a class=\"    \" href=\"http:\/\/bracketweb.com\/ogenixwp\/agriculture-services\/\"  >Convenios y beneficios en comercios<\/a>\t\t\t\t\t\t\t\t<\/h3>\r\n\t\t\t\t\t\t\t\t<p class=\"services-one__text services-one__text services-one__text services-one__text services-one__text\">Por ser asociaciado tendras descuentos y precios especiales en establecimiento aliados.<\/p>\t\t\t\t\t\t\t\t\t\t\t\t\t\t\t\t\t<div class=\"services-one__btn-box\">\r\n\t\t\t\t\t\t\t\t\t\t<a class=\"services-one__btn thm-btn services-one__btn thm-btn services-one__btn thm-btn services-one__btn thm-btn services-one__btn thm-btn\" href=\"http:\/\/bracketweb.com\/ogenixwp\/agriculture-services\/\"  >Conoce m\u00e1s<\/a>\t\t\t\t\t\t\t\t\t<\/div>\r\n\t\t\t\t\t\t\t\t\t\t\t\t\t\t\t<\/div>\r\n\t\t\t\t\t\t<\/div>\r\n\t\t\t\t\t<\/div>\r\n\t\t\t\t\t<!--Services One Single End-->\r\n\t\t\t\t\t\t\t<\/div>\r\n\t\t<\/div>\r\n\t<\/section>\r\n\t<!--Services One End-->\r\n\t\t\t\t<\/div>\n\t\t\t\t<\/div>\n\t\t\t\t\t<\/div>\n\t\t<\/div>\n\t\t\t\t\t<\/div>\n\t\t<\/section>\n\t\t\t\t<section class=\"elementor-section elementor-top-section elementor-element elementor-element-1b1dcce elementor-section-full_width elementor-section-height-default elementor-section-height-default\" data-id=\"1b1dcce\" data-element_type=\"section\" data-e-type=\"section\">\n\t\t\t\t\t\t<div class=\"elementor-container elementor-column-gap-no\">\n\t\t\t\t\t<div class=\"elementor-column elementor-col-100 elementor-top-column elementor-element elementor-element-5f11503\" data-id=\"5f11503\" data-element_type=\"column\" data-e-type=\"column\">\n\t\t\t<div class=\"elementor-widget-wrap elementor-element-populated\">\n\t\t\t\t\t\t<div class=\"elementor-element elementor-element-29c0bda elementor-widget elementor-widget-ogenix-process\" data-id=\"29c0bda\" data-element_type=\"widget\" data-e-type=\"widget\" data-widget_type=\"ogenix-process.default\">\n\t\t\t\t<div class=\"elementor-widget-container\">\n\t\t\t\t\t    <!--Process Start-->\r\n    <section class=\"process\">\r\n        <div class=\"container\">\r\n            <div class=\"section-title text-center\">\r\n                <span class=\"section-title__tagline\">3 pasos sencillos<\/span><h2 class=\"section-title__title\">Unete a Asoberries  <br> sigue estos pasos<\/h2>            <\/div>\r\n            <div class=\"process__inner\">\r\n                <div class=\"process__line\">\r\n                    <img decoding=\"async\" src=\"https:\/\/asoberries.net\/wp-content\/uploads\/2023\/02\/process-line-1.png\" alt=\"process-line\" title=\"process-line\" >                <\/div>\r\n                <div class=\"row\">\r\n\r\n                                            <!--Process Single Start-->\r\n                        <div class=\"col-xl-4 col-lg-4\">\r\n                            <div class=\"process__single\">\r\n                                <div class=\"process__img-box\">\r\n                                                                            <div class=\"process__img\">\r\n                                            <img decoding=\"async\" src=\"https:\/\/asoberries.net\/wp-content\/uploads\/2023\/02\/process-1-1-1.jpg\" alt=\"process-1-1\" title=\"process-1-1\" >                                            <div class=\"process__count\"><\/div>\r\n                                        <\/div>\r\n                                                                    <\/div>\r\n                                <div class=\"process__content\">\r\n                                    <h3 class=\"process__title\">\r\n                                        <a class=\"\" href=\"http:\/\/bracketweb.com\/ogenixwp\/about\/\"  >Asiste gratis a la primera reuni\u00f3n<\/a>                                    <\/h3>\r\n                                    <p class=\"process__text\">Participa como invitado en culaquiera de nuestras capacitaciones mensuales, mira el calendario de capacitaciones aqu\u00ed.<\/p>                                <\/div>\r\n                            <\/div>\r\n                        <\/div>\r\n                        <!--Process Single End-->\r\n                                            <!--Process Single Start-->\r\n                        <div class=\"col-xl-4 col-lg-4\">\r\n                            <div class=\"process__single\">\r\n                                <div class=\"process__img-box\">\r\n                                                                            <div class=\"process__img\">\r\n                                            <img decoding=\"async\" src=\"https:\/\/asoberries.net\/wp-content\/uploads\/2023\/02\/process-1-2-1.jpg\" alt=\"process-1-2\" title=\"process-1-2\" >                                            <div class=\"process__count\"><\/div>\r\n                                        <\/div>\r\n                                                                    <\/div>\r\n                                <div class=\"process__content\">\r\n                                    <h3 class=\"process__title\">\r\n                                        <a class=\" \" href=\"http:\/\/bracketweb.com\/ogenixwp\/about\/\"  >Realiza tu preinscripci\u00f3n<\/a>                                    <\/h3>\r\n                                    <p class=\"process__text process__text\">Diligencia el formulario de preinscripci\u00f3n aqui. <\/p>                                <\/div>\r\n                            <\/div>\r\n                        <\/div>\r\n                        <!--Process Single End-->\r\n                                            <!--Process Single Start-->\r\n                        <div class=\"col-xl-4 col-lg-4\">\r\n                            <div class=\"process__single\">\r\n                                <div class=\"process__img-box\">\r\n                                                                            <div class=\"process__img\">\r\n                                            <img decoding=\"async\" src=\"https:\/\/asoberries.net\/wp-content\/uploads\/2023\/02\/process-1-3-1.jpg\" alt=\"process-1-3\" title=\"process-1-3\" >                                            <div class=\"process__count\"><\/div>\r\n                                        <\/div>\r\n                                                                    <\/div>\r\n                                <div class=\"process__content\">\r\n                                    <h3 class=\"process__title\">\r\n                                        <a class=\"  \" href=\"https:\/\/www.psepagos.co\/PSEHostingUI\/ShowTicketOffice.aspx?ID=13699\" target=_blank>Realiza tu primer aporte<\/a>                                    <\/h3>\r\n                                    <p class=\"process__text process__text process__text\">Una vez recibas la carta de aceptaci\u00f3n de Asoberries, realiza tu pago de afiliaci\u00f3n aqui.<\/p>                                <\/div>\r\n                            <\/div>\r\n                        <\/div>\r\n                        <!--Process Single End-->\r\n                                    <\/div>\r\n            <\/div>\r\n        <\/div>\r\n    <\/section>\r\n    <!--Process End-->\r\n\t\t\t\t<\/div>\n\t\t\t\t<\/div>\n\t\t\t\t\t<\/div>\n\t\t<\/div>\n\t\t\t\t\t<\/div>\n\t\t<\/section>\n\t\t\t\t<\/div>\n\t\t","protected":false},"excerpt":{"rendered":"<p>Bienvenidos a nuestra Asociaci\u00f3n \u00bfPor qu\u00e9 elegir Assoberries? M\u00e1s que ar\u00e1ndanos, somos la uni\u00f3n de familias colombianas que cultivan con pasi\u00f3n, sostenibilidad y calidad. Ar\u00e1ndanos colombianos de origen Cada fruto proviene de cultivos familiares certificados. Producci\u00f3n sostenible Cultivamos respetando la tierra y aplicando pr\u00e1cticas responsables Frescura garantizada Del campo a tu mesa Apoyo a familias [&hellip;]<\/p>\n","protected":false},"author":1,"featured_media":0,"parent":0,"menu_order":0,"comment_status":"closed","ping_status":"closed","template":"elementor_header_footer","meta":{"footnotes":""},"class_list":["post-577","page","type-page","status-publish","hentry"],"_links":{"self":[{"href":"https:\/\/asoberries.net\/index.php\/wp-json\/wp\/v2\/pages\/577","targetHints":{"allow":["GET"]}}],"collection":[{"href":"https:\/\/asoberries.net\/index.php\/wp-json\/wp\/v2\/pages"}],"about":[{"href":"https:\/\/asoberries.net\/index.php\/wp-json\/wp\/v2\/types\/page"}],"author":[{"embeddable":true,"href":"https:\/\/asoberries.net\/index.php\/wp-json\/wp\/v2\/users\/1"}],"replies":[{"embeddable":true,"href":"https:\/\/asoberries.net\/index.php\/wp-json\/wp\/v2\/comments?post=577"}],"version-history":[{"count":21,"href":"https:\/\/asoberries.net\/index.php\/wp-json\/wp\/v2\/pages\/577\/revisions"}],"predecessor-version":[{"id":2838,"href":"https:\/\/asoberries.net\/index.php\/wp-json\/wp\/v2\/pages\/577\/revisions\/2838"}],"wp:attachment":[{"href":"https:\/\/asoberries.net\/index.php\/wp-json\/wp\/v2\/media?parent=577"}],"curies":[{"name":"wp","href":"https:\/\/api.w.org\/{rel}","templated":true}]}}